{"id":871,"date":"2024-09-02T16:23:51","date_gmt":"2024-09-02T16:23:51","guid":{"rendered":"https:\/\/proyectoprimates.org\/?page_id=871"},"modified":"2026-01-20T15:55:03","modified_gmt":"2026-01-20T15:55:03","slug":"pagos_donacion_abierta","status":"publish","type":"page","link":"https:\/\/proyectoprimates.org\/en\/pagos_donacion_abierta\/","title":{"rendered":"pagos_donacion_abierta"},"content":{"rendered":"<div data-elementor-type=\"wp-page\" data-elementor-id=\"871\" class=\"elementor elementor-871\">\n\t\t\t\t<div class=\"elementor-element elementor-element-014d4ed e-grid e-con-boxed e-con e-parent\" data-id=\"014d4ed\" data-element_type=\"container\">\n\t\t\t\t\t<div class=\"e-con-inner\">\n\t\t\t\t<div class=\"elementor-element elementor-element-cc1a451 elementor-widget elementor-widget-heading\" data-id=\"cc1a451\" data-element_type=\"widget\" data-widget_type=\"heading.default\">\n\t\t\t\t<div class=\"elementor-widget-container\">\n\t\t\t<h5 class=\"elementor-heading-title elementor-size-default\">Donaci\u00f3n de 50.000 COP<\/h5>\t\t<\/div>\n\t\t\t\t<\/div>\n\t\t\t\t<div class=\"elementor-element elementor-element-c63ffc4 elementor-widget elementor-widget-heading\" data-id=\"c63ffc4\" data-element_type=\"widget\" data-widget_type=\"heading.default\">\n\t\t\t\t<div class=\"elementor-widget-container\">\n\t\t\t<h5 class=\"elementor-heading-title elementor-size-default\">Donaci\u00f3n de 100.000 COP<\/h5>\t\t<\/div>\n\t\t\t\t<\/div>\n\t\t\t\t<div class=\"elementor-element elementor-element-ef66979 elementor-widget elementor-widget-heading\" data-id=\"ef66979\" data-element_type=\"widget\" data-widget_type=\"heading.default\">\n\t\t\t\t<div class=\"elementor-widget-container\">\n\t\t\t<h5 class=\"elementor-heading-title elementor-size-default\">Donaci\u00f3n de 200.000 COP<\/h5>\t\t<\/div>\n\t\t\t\t<\/div>\n\t\t\t\t<div class=\"elementor-element elementor-element-89ac17e elementor-widget elementor-widget-shortcode\" data-id=\"89ac17e\" data-element_type=\"widget\" data-widget_type=\"shortcode.default\">\n\t\t\t\t<div class=\"elementor-widget-container\">\n\t\t\t\t\t<div class=\"elementor-shortcode\">\n            <script data-bold-button='dark-L' data-order-id='1776326280' data-amount='50000' data-currency='COP' data-api-key='ukhCtDUpw-2SnKnhldixG4NcKBrRTvKp0FdsU5tlqxg' data-integrity-signature='42b23774c2573aaa651d6ae8ccea5fac4f994c817185308398447db2ae01703c' data-redirection-url='https:\/\/proyectoprimates.org\/agradecimiento_donacion\/' data-description='Donaci\u00f3n a la Fundaci\u00f3n Proyecto Primates' data-integration-type='wordpress-shortcode-3.0.6'>\n            <\/script><\/div>\n\t\t\t\t<\/div>\n\t\t\t\t<\/div>\n\t\t\t\t<div class=\"elementor-element elementor-element-804c57f elementor-widget elementor-widget-shortcode\" data-id=\"804c57f\" data-element_type=\"widget\" data-widget_type=\"shortcode.default\">\n\t\t\t\t<div class=\"elementor-widget-container\">\n\t\t\t\t\t<div class=\"elementor-shortcode\">\n            <script data-bold-button='dark-L' data-order-id='1776326280' data-amount='100000' data-currency='COP' data-api-key='ukhCtDUpw-2SnKnhldixG4NcKBrRTvKp0FdsU5tlqxg' data-integrity-signature='fa71b5736646e8c8e3b672348de840a2cdb1ab441f2562e8031b58ac25b61808' data-redirection-url='https:\/\/proyectoprimates.org\/agradecimiento_donacion\/' data-description='Donaci\u00f3n a la Fundaci\u00f3n Proyecto Primates' data-integration-type='wordpress-shortcode-3.0.6'>\n            <\/script><\/div>\n\t\t\t\t<\/div>\n\t\t\t\t<\/div>\n\t\t\t\t<div class=\"elementor-element elementor-element-82e51bd elementor-widget elementor-widget-shortcode\" data-id=\"82e51bd\" data-element_type=\"widget\" data-widget_type=\"shortcode.default\">\n\t\t\t\t<div class=\"elementor-widget-container\">\n\t\t\t\t\t<div class=\"elementor-shortcode\">\n            <script data-bold-button='dark-L' data-order-id='1776326280' data-amount='200000' data-currency='COP' data-api-key='ukhCtDUpw-2SnKnhldixG4NcKBrRTvKp0FdsU5tlqxg' data-integrity-signature='47bd2df72a27da8ab32e5cdde053fbb28ac505c091ccc5f05249d00b0b8584e0' data-redirection-url='https:\/\/proyectoprimates.org\/agradecimiento_donacion\/' data-description='Donaci\u00f3n a la Fundaci\u00f3n Proyecto Primates' data-integration-type='wordpress-shortcode-3.0.6'>\n            <\/script><\/div>\n\t\t\t\t<\/div>\n\t\t\t\t<\/div>\n\t\t\t\t\t<\/div>\n\t\t\t\t<\/div>\n\t\t<div class=\"elementor-element elementor-element-343889d e-flex e-con-boxed e-con e-parent\" data-id=\"343889d\" data-element_type=\"container\">\n\t\t\t\t\t<div class=\"e-con-inner\">\n\t\t\t\t\t<\/div>\n\t\t\t\t<\/div>\n\t\t\t\t<\/div>","protected":false},"excerpt":{"rendered":"<p>Donaci\u00f3n de 50.000 COP Donaci\u00f3n de 100.000 COP Donaci\u00f3n de 200.000 COP<\/p>","protected":false},"author":1,"featured_media":0,"parent":0,"menu_order":0,"comment_status":"closed","ping_status":"closed","template":"","meta":{"footnotes":""},"class_list":["post-871","page","type-page","status-publish","hentry"],"_links":{"self":[{"href":"https:\/\/proyectoprimates.org\/en\/wp-json\/wp\/v2\/pages\/871","targetHints":{"allow":["GET"]}}],"collection":[{"href":"https:\/\/proyectoprimates.org\/en\/wp-json\/wp\/v2\/pages"}],"about":[{"href":"https:\/\/proyectoprimates.org\/en\/wp-json\/wp\/v2\/types\/page"}],"author":[{"embeddable":true,"href":"https:\/\/proyectoprimates.org\/en\/wp-json\/wp\/v2\/users\/1"}],"replies":[{"embeddable":true,"href":"https:\/\/proyectoprimates.org\/en\/wp-json\/wp\/v2\/comments?post=871"}],"version-history":[{"count":79,"href":"https:\/\/proyectoprimates.org\/en\/wp-json\/wp\/v2\/pages\/871\/revisions"}],"predecessor-version":[{"id":1130,"href":"https:\/\/proyectoprimates.org\/en\/wp-json\/wp\/v2\/pages\/871\/revisions\/1130"}],"wp:attachment":[{"href":"https:\/\/proyectoprimates.org\/en\/wp-json\/wp\/v2\/media?parent=871"}],"curies":[{"name":"wp","href":"https:\/\/api.w.org\/{rel}","templated":true}]}}