{"id":819,"date":"2024-08-21T22:04:12","date_gmt":"2024-08-21T22:04:12","guid":{"rendered":"https:\/\/proyectoprimates.org\/?page_id=819"},"modified":"2024-09-20T18:17:17","modified_gmt":"2024-09-20T18:17:17","slug":"siembra_un_arbol","status":"publish","type":"page","link":"https:\/\/proyectoprimates.org\/en\/siembra_un_arbol\/","title":{"rendered":"siembra_un_arbol"},"content":{"rendered":"<div data-elementor-type=\"wp-page\" data-elementor-id=\"819\" class=\"elementor elementor-819\">\n\t\t\t\t<div class=\"elementor-element elementor-element-4f97052 e-flex e-con-boxed e-con e-parent\" data-id=\"4f97052\" data-element_type=\"container\">\n\t\t\t\t\t<div class=\"e-con-inner\">\n\t\t<div class=\"elementor-element elementor-element-a7debca e-con-full e-flex e-con e-child\" data-id=\"a7debca\" data-element_type=\"container\">\n\t\t<div class=\"elementor-element elementor-element-dc21bad e-con-full e-flex e-con e-child\" data-id=\"dc21bad\" data-element_type=\"container\">\n\t\t\t\t<div class=\"elementor-element elementor-element-8d78a0d elementor-widget elementor-widget-heading\" data-id=\"8d78a0d\" data-element_type=\"widget\" data-widget_type=\"heading.default\">\n\t\t\t\t<div class=\"elementor-widget-container\">\n\t\t\t<h1 class=\"elementor-heading-title elementor-size-default\">SIEMBRA <br>UN \u00c1RBOL<\/h1>\t\t<\/div>\n\t\t\t\t<\/div>\n\t\t\t\t<\/div>\n\t\t\t\t<div class=\"elementor-element elementor-element-b7e5a8d elementor-widget elementor-widget-text-editor\" data-id=\"b7e5a8d\" data-element_type=\"widget\" data-widget_type=\"text-editor.default\">\n\t\t\t\t<div class=\"elementor-widget-container\">\n\t\t\t\t\t\t\t<div class=\"relative p-1 rounded-sm flex items-center justify-center bg-token-main-surface-primary text-token-text-primary h-8 w-8\">Al donar para la siembra simb\u00f3lica de un \u00e1rbol, contribuyes a la creaci\u00f3n de h\u00e1bitats saludables para la biodiversidad del Magdalena Medio y\u00a0 nos ayudas en nuestra misi\u00f3n de <strong>conectar los bosques<\/strong> de los Choibos. Adem\u00e1s, proporcionan refugio y alimento a una amplia variedad de especies, desde aves y mam\u00edferos hasta insectos y plantas, promoviendo un ecosistema equilibrado y resiliente.<\/div><div>\u00a0<\/div><div class=\"relative p-1 rounded-sm flex items-center justify-center bg-token-main-surface-primary text-token-text-primary h-8 w-8\">Los \u00e1rboles juegan un papel crucial en la <strong>mitigaci\u00f3n del cambio clim\u00e1tico<\/strong>, gracias a su captura de carbono, ayudan a reducir los gases de efecto invernadero en la atm\u00f3sfera.\u00a0<\/div><div>\u00a0<\/div><div><p>Con la donaci\u00f3n recibir\u00e1s:<\/p><ul><li><span class=\"OYPEnA font-feature-liga-off font-feature-clig-off font-feature-calt-off text-decoration-none text-strikethrough-none\">Certificado de donaci\u00f3n<\/span><\/li><li><span class=\"OYPEnA font-feature-liga-off font-feature-clig-off font-feature-calt-off text-decoration-none text-strikethrough-none\">Certificado de siembra<\/span><\/li><\/ul><\/div><p><em><strong>Tu donaci\u00f3n apoya la conservaci\u00f3n y restauraci\u00f3n de los bosques tropicales.<\/strong><\/em><\/p>\t\t\t\t\t\t<\/div>\n\t\t\t\t<\/div>\n\t\t\t\t<\/div>\n\t\t<div class=\"elementor-element elementor-element-1df31de e-con-full e-flex e-con e-child\" data-id=\"1df31de\" data-element_type=\"container\">\n\t\t\t\t<div class=\"elementor-element elementor-element-eb52053 elementor-widget elementor-widget-image\" data-id=\"eb52053\" data-element_type=\"widget\" data-widget_type=\"image.default\">\n\t\t\t\t<div class=\"elementor-widget-container\">\n\t\t\t\t\t\t\t\t\t\t\t\t\t<img fetchpriority=\"high\" decoding=\"async\" width=\"799\" height=\"1024\" src=\"https:\/\/proyectoprimates.org\/wp-content\/uploads\/2024\/06\/Mono-Arana_12__MG_9946-2-scaled-e1718917561773-799x1024.jpg\" class=\"attachment-large size-large wp-image-542\" alt=\"\" srcset=\"https:\/\/proyectoprimates.org\/wp-content\/uploads\/2024\/06\/Mono-Arana_12__MG_9946-2-scaled-e1718917561773-799x1024.jpg 799w, https:\/\/proyectoprimates.org\/wp-content\/uploads\/2024\/06\/Mono-Arana_12__MG_9946-2-scaled-e1718917561773-234x300.jpg 234w, https:\/\/proyectoprimates.org\/wp-content\/uploads\/2024\/06\/Mono-Arana_12__MG_9946-2-scaled-e1718917561773-768x984.jpg 768w, https:\/\/proyectoprimates.org\/wp-content\/uploads\/2024\/06\/Mono-Arana_12__MG_9946-2-scaled-e1718917561773-1199x1536.jpg 1199w, https:\/\/proyectoprimates.org\/wp-content\/uploads\/2024\/06\/Mono-Arana_12__MG_9946-2-scaled-e1718917561773-1599x2048.jpg 1599w, https:\/\/proyectoprimates.org\/wp-content\/uploads\/2024\/06\/Mono-Arana_12__MG_9946-2-scaled-e1718917561773.jpg 1705w\" sizes=\"(max-width: 799px) 100vw, 799px\" \/>\t\t\t\t\t\t\t\t\t\t\t\t\t<\/div>\n\t\t\t\t<\/div>\n\t\t\t\t<\/div>\n\t\t\t\t\t<\/div>\n\t\t\t\t<\/div>\n\t\t<div class=\"elementor-element elementor-element-79a4bac e-flex e-con-boxed e-con e-parent\" data-id=\"79a4bac\" data-element_type=\"container\">\n\t\t\t\t\t<div class=\"e-con-inner\">\n\t\t\t\t<div class=\"elementor-element elementor-element-e64c888 elementor-widget elementor-widget-html\" data-id=\"e64c888\" data-element_type=\"widget\" data-widget_type=\"html.default\">\n\t\t\t\t<div class=\"elementor-widget-container\">\n\t\t\t<script type=\"text\/javascript\" src=\"https:\/\/form.jotform.com\/jsform\/242396962650667\"><\/script>\t\t<\/div>\n\t\t\t\t<\/div>\n\t\t\t\t\t<\/div>\n\t\t\t\t<\/div>\n\t\t\t\t<\/div>","protected":false},"excerpt":{"rendered":"<p>SIEMBRA UN \u00c1RBOL Al donar para la siembra simb\u00f3lica de un \u00e1rbol, contribuyes a la creaci\u00f3n de h\u00e1bitats saludables para la biodiversidad del Magdalena Medio y\u00a0 nos ayudas en nuestra misi\u00f3n de conectar los bosques de los Choibos. Adem\u00e1s, proporcionan refugio y alimento a una amplia variedad de especies, desde aves y mam\u00edferos hasta insectos [&hellip;]<\/p>","protected":false},"author":1,"featured_media":0,"parent":0,"menu_order":0,"comment_status":"closed","ping_status":"closed","template":"","meta":{"footnotes":""},"class_list":["post-819","page","type-page","status-publish","hentry"],"_links":{"self":[{"href":"https:\/\/proyectoprimates.org\/en\/wp-json\/wp\/v2\/pages\/819","targetHints":{"allow":["GET"]}}],"collection":[{"href":"https:\/\/proyectoprimates.org\/en\/wp-json\/wp\/v2\/pages"}],"about":[{"href":"https:\/\/proyectoprimates.org\/en\/wp-json\/wp\/v2\/types\/page"}],"author":[{"embeddable":true,"href":"https:\/\/proyectoprimates.org\/en\/wp-json\/wp\/v2\/users\/1"}],"replies":[{"embeddable":true,"href":"https:\/\/proyectoprimates.org\/en\/wp-json\/wp\/v2\/comments?post=819"}],"version-history":[{"count":23,"href":"https:\/\/proyectoprimates.org\/en\/wp-json\/wp\/v2\/pages\/819\/revisions"}],"predecessor-version":[{"id":1021,"href":"https:\/\/proyectoprimates.org\/en\/wp-json\/wp\/v2\/pages\/819\/revisions\/1021"}],"wp:attachment":[{"href":"https:\/\/proyectoprimates.org\/en\/wp-json\/wp\/v2\/media?parent=819"}],"curies":[{"name":"wp","href":"https:\/\/api.w.org\/{rel}","templated":true}]}}