{"id":559,"date":"2024-06-21T00:02:39","date_gmt":"2024-06-21T00:02:39","guid":{"rendered":"https:\/\/proyectoprimates.org\/?page_id=559"},"modified":"2024-07-30T15:17:56","modified_gmt":"2024-07-30T15:17:56","slug":"prueba_home","status":"publish","type":"page","link":"https:\/\/proyectoprimates.org\/en\/","title":{"rendered":"home_oficial"},"content":{"rendered":"<div data-elementor-type=\"wp-page\" data-elementor-id=\"559\" class=\"elementor elementor-559\">\n\t\t\t\t<div class=\"elementor-element elementor-element-0ba9933 e-flex e-con-boxed e-con e-parent\" data-id=\"0ba9933\" data-element_type=\"container\">\n\t\t\t\t\t<div class=\"e-con-inner\">\n\t\t<div class=\"elementor-element elementor-element-3f70d99 e-con-full e-flex e-con e-child\" data-id=\"3f70d99\" data-element_type=\"container\">\n\t\t\t\t<div class=\"elementor-element elementor-element-346e816 elementor-widget elementor-widget-image\" data-id=\"346e816\" data-element_type=\"widget\" data-widget_type=\"image.default\">\n\t\t\t\t<div class=\"elementor-widget-container\">\n\t\t\t\t\t\t\t\t\t\t\t\t\t<img fetchpriority=\"high\" decoding=\"async\" width=\"1024\" height=\"768\" src=\"https:\/\/proyectoprimates.org\/wp-content\/uploads\/2024\/06\/P1020518-1-min-1024x768.jpg\" class=\"attachment-large size-large wp-image-548\" alt=\"\" srcset=\"https:\/\/proyectoprimates.org\/wp-content\/uploads\/2024\/06\/P1020518-1-min-1024x768.jpg 1024w, https:\/\/proyectoprimates.org\/wp-content\/uploads\/2024\/06\/P1020518-1-min-300x225.jpg 300w, https:\/\/proyectoprimates.org\/wp-content\/uploads\/2024\/06\/P1020518-1-min-768x576.jpg 768w, https:\/\/proyectoprimates.org\/wp-content\/uploads\/2024\/06\/P1020518-1-min-1536x1152.jpg 1536w, https:\/\/proyectoprimates.org\/wp-content\/uploads\/2024\/06\/P1020518-1-min-2048x1536.jpg 2048w\" sizes=\"(max-width: 1024px) 100vw, 1024px\" \/>\t\t\t\t\t\t\t\t\t\t\t\t\t<\/div>\n\t\t\t\t<\/div>\n\t\t\t\t<\/div>\n\t\t<div class=\"elementor-element elementor-element-47e48ee e-con-full e-flex e-con e-child\" data-id=\"47e48ee\" data-element_type=\"container\">\n\t\t<div class=\"elementor-element elementor-element-b014979 e-con-full e-flex e-con e-child\" data-id=\"b014979\" data-element_type=\"container\">\n\t\t\t\t<div class=\"elementor-element elementor-element-1f83f93 elementor-widget elementor-widget-heading\" data-id=\"1f83f93\" data-element_type=\"widget\" data-widget_type=\"heading.default\">\n\t\t\t\t<div class=\"elementor-widget-container\">\n\t\t\t<h2 class=\"elementor-heading-title elementor-size-default\">Conserving biodiversity since 2010<\/h2>\t\t<\/div>\n\t\t\t\t<\/div>\n\t\t\t\t<\/div>\n\t\t<div class=\"elementor-element elementor-element-f9a3fa1 e-con-full e-flex e-con e-child\" data-id=\"f9a3fa1\" data-element_type=\"container\">\n\t\t\t\t<div class=\"elementor-element elementor-element-b6e8d4e elementor-widget elementor-widget-text-editor\" data-id=\"b6e8d4e\" data-element_type=\"widget\" data-widget_type=\"text-editor.default\">\n\t\t\t\t<div class=\"elementor-widget-container\">\n\t\t\t\t\t\t\t<p>La Fundaci\u00f3n Proyecto Primates es una entidad sin \u00e1nimo de lucro con la misi\u00f3n de promover la conservaci\u00f3n e investigaci\u00f3n de primates en Colombia. Empez\u00f3 como grupo de investigaci\u00f3n en 2005, li<span style=\"color: var( --e-global-color-text ); font-family: var( --e-global-typography-text-font-family ), Sans-serif; font-weight: var( --e-global-typography-text-font-weight ); text-align: var(--text-align); font-size: var(--wp--preset--font-size--medium);\">derado por Andr\u00e9s Link y Gabriela de Luna,&nbsp;<\/span><span style=\"color: var( --e-global-color-text ); font-family: var( --e-global-typography-text-font-family ), Sans-serif; font-weight: var( --e-global-typography-text-font-weight ); text-align: var(--text-align); font-size: var(--wp--preset--font-size--medium);\">y en 2010 se form\u00f3 la Fundaci\u00f3n que desarrolla diferentes proyectos de investigaci\u00f3n y conservaci\u00f3n en Colombia. Nuestro trabajo se ha realizado principalmente en el Magdalena Medio, un \u00e1rea poco estudiada donde viven los monos ara\u00f1a caf\u00e9, los choibos, uno de los 25 primates m\u00e1s amenazados del mundo.<\/span><\/p>\t\t\t\t\t\t<\/div>\n\t\t\t\t<\/div>\n\t\t\t\t<\/div>\n\t\t\t\t<\/div>\n\t\t\t\t\t<\/div>\n\t\t\t\t<\/div>\n\t\t<div class=\"elementor-element elementor-element-9d47690 e-flex e-con-boxed e-con e-parent\" data-id=\"9d47690\" data-element_type=\"container\">\n\t\t\t\t\t<div class=\"e-con-inner\">\n\t\t\t\t<div class=\"elementor-element elementor-element-fd2de48 elementor-widget elementor-widget-heading\" data-id=\"fd2de48\" data-element_type=\"widget\" data-widget_type=\"heading.default\">\n\t\t\t\t<div class=\"elementor-widget-container\">\n\t\t\t<h2 class=\"elementor-heading-title elementor-size-default\">Conservation hand in hand with research<\/h2>\t\t<\/div>\n\t\t\t\t<\/div>\n\t\t\t\t\t<\/div>\n\t\t\t\t<\/div>\n\t\t<div class=\"elementor-element elementor-element-eda2761 e-grid e-con-boxed e-con e-parent\" data-id=\"eda2761\" data-element_type=\"container\">\n\t\t\t\t\t<div class=\"e-con-inner\">\n\t\t<div class=\"elementor-element elementor-element-8e76ffe e-grid e-con-full e-con e-child\" data-id=\"8e76ffe\" data-element_type=\"container\">\n\t\t\t\t<div class=\"elementor-element elementor-element-4c65f56 elementor-widget elementor-widget-heading\" data-id=\"4c65f56\" data-element_type=\"widget\" data-widget_type=\"heading.default\">\n\t\t\t\t<div class=\"elementor-widget-container\">\n\t\t\t<h4 class=\"elementor-heading-title elementor-size-default\">AMPLIANDO LAS \u00c1REAS PROTEGIDAS\u200b<\/h4>\t\t<\/div>\n\t\t\t\t<\/div>\n\t\t\t\t<div class=\"elementor-element elementor-element-4cc3431 elementor-absolute elementor-widget elementor-widget-text-editor\" data-id=\"4cc3431\" data-element_type=\"widget\" data-settings=\"{&quot;_position&quot;:&quot;absolute&quot;}\" data-widget_type=\"text-editor.default\">\n\t\t\t\t<div class=\"elementor-widget-container\">\n\t\t\t\t\t\t\t<p>Tenemos <strong>2 \u00e1reas protegidas<\/strong> y seguimos apoyando la declaratoria de \u00e1reas protegidas, tales como las Reservas Naturales de la Sociedad Civil.<\/p>\t\t\t\t\t\t<\/div>\n\t\t\t\t<\/div>\n\t\t\t\t<\/div>\n\t\t<div class=\"elementor-element elementor-element-45cd492 e-grid e-con-full e-con e-child\" data-id=\"45cd492\" data-element_type=\"container\">\n\t\t\t\t<div class=\"elementor-element elementor-element-f21eda2 elementor-widget elementor-widget-heading\" data-id=\"f21eda2\" data-element_type=\"widget\" data-widget_type=\"heading.default\">\n\t\t\t\t<div class=\"elementor-widget-container\">\n\t\t\t<h4 class=\"elementor-heading-title elementor-size-default\">INVESTIGACI\u00d3N PARA LA CONSERVACI\u00d3N<\/h4>\t\t<\/div>\n\t\t\t\t<\/div>\n\t\t\t\t<div class=\"elementor-element elementor-element-3cc2591 elementor-absolute elementor-widget elementor-widget-text-editor\" data-id=\"3cc2591\" data-element_type=\"widget\" data-settings=\"{&quot;_position&quot;:&quot;absolute&quot;}\" data-widget_type=\"text-editor.default\">\n\t\t\t\t<div class=\"elementor-widget-container\">\n\t\t\t\t\t\t\t<p>Monitoring biodiversity, assessing threats, and managing conservation plans.<\/p>\t\t\t\t\t\t<\/div>\n\t\t\t\t<\/div>\n\t\t\t\t<\/div>\n\t\t<div class=\"elementor-element elementor-element-4d717b6 e-grid e-con-full e-con e-child\" data-id=\"4d717b6\" data-element_type=\"container\">\n\t\t\t\t<div class=\"elementor-element elementor-element-97f7fed elementor-widget elementor-widget-heading\" data-id=\"97f7fed\" data-element_type=\"widget\" data-widget_type=\"heading.default\">\n\t\t\t\t<div class=\"elementor-widget-container\">\n\t\t\t<h4 class=\"elementor-heading-title elementor-size-default\">INVESTIGACI\u00d3N DE PRIMATES\u200b<\/h4>\t\t<\/div>\n\t\t\t\t<\/div>\n\t\t\t\t<div class=\"elementor-element elementor-element-d5561e1 elementor-absolute elementor-widget elementor-widget-text-editor\" data-id=\"d5561e1\" data-element_type=\"widget\" data-settings=\"{&quot;_position&quot;:&quot;absolute&quot;}\" data-widget_type=\"text-editor.default\">\n\t\t\t\t<div class=\"elementor-widget-container\">\n\t\t\t\t\t\t\t<p>Con m\u00e1s de <strong>20 a\u00f1os de investigaci\u00f3n<\/strong> en ecolog\u00eda y comportamiento, somos l\u00edderes en la investigaci\u00f3n de primates en Sudam\u00e9rica.<\/p>\t\t\t\t\t\t<\/div>\n\t\t\t\t<\/div>\n\t\t\t\t<\/div>\n\t\t\t\t\t<\/div>\n\t\t\t\t<\/div>\n\t\t<div class=\"elementor-element elementor-element-d5dae36 e-grid e-con-boxed e-con e-parent\" data-id=\"d5dae36\" data-element_type=\"container\">\n\t\t\t\t\t<div class=\"e-con-inner\">\n\t\t<div class=\"elementor-element elementor-element-c4338a9 e-grid e-con-full e-con e-child\" data-id=\"c4338a9\" data-element_type=\"container\">\n\t\t\t\t<div class=\"elementor-element elementor-element-be45bd5 elementor-widget elementor-widget-heading\" data-id=\"be45bd5\" data-element_type=\"widget\" data-widget_type=\"heading.default\">\n\t\t\t\t<div class=\"elementor-widget-container\">\n\t\t\t<h4 class=\"elementor-heading-title elementor-size-default\">TRABAJAMOS CON LA GENTE PARA CUIDAR LA BIODIVERSIDAD<\/h4>\t\t<\/div>\n\t\t\t\t<\/div>\n\t\t\t\t<div class=\"elementor-element elementor-element-fa60af0 elementor-absolute elementor-widget elementor-widget-text-editor\" data-id=\"fa60af0\" data-element_type=\"widget\" data-settings=\"{&quot;_position&quot;:&quot;absolute&quot;}\" data-widget_type=\"text-editor.default\">\n\t\t\t\t<div class=\"elementor-widget-container\">\n\t\t\t\t\t\t\t<p>Creemos que la conservaci\u00f3n asegura la <strong>calidad de vida<\/strong> de la gente.<\/p>\t\t\t\t\t\t<\/div>\n\t\t\t\t<\/div>\n\t\t\t\t<\/div>\n\t\t<div class=\"elementor-element elementor-element-3ec0c0f e-grid e-con-full e-con e-child\" data-id=\"3ec0c0f\" data-element_type=\"container\">\n\t\t\t\t<div class=\"elementor-element elementor-element-ff632a7 elementor-widget elementor-widget-heading\" data-id=\"ff632a7\" data-element_type=\"widget\" data-widget_type=\"heading.default\">\n\t\t\t\t<div class=\"elementor-widget-container\">\n\t\t\t<h4 class=\"elementor-heading-title elementor-size-default\">SEMBRANDO Y CONECTANDO  LOS BOSQUES DEL FUTURO\u200b<\/h4>\t\t<\/div>\n\t\t\t\t<\/div>\n\t\t\t\t<div class=\"elementor-element elementor-element-15b73b8 elementor-absolute elementor-widget elementor-widget-text-editor\" data-id=\"15b73b8\" data-element_type=\"widget\" data-settings=\"{&quot;_position&quot;:&quot;absolute&quot;}\" data-widget_type=\"text-editor.default\">\n\t\t\t\t<div class=\"elementor-widget-container\">\n\t\t\t\t\t\t\t<p>M\u00e1s de <strong>45000 \u00e1rboles nativos<\/strong> sembrados.<\/p>\t\t\t\t\t\t<\/div>\n\t\t\t\t<\/div>\n\t\t\t\t<\/div>\n\t\t<div class=\"elementor-element elementor-element-a83f639 e-grid e-con-full e-con e-child\" data-id=\"a83f639\" data-element_type=\"container\">\n\t\t\t\t<div class=\"elementor-element elementor-element-ffeb568 elementor-widget elementor-widget-heading\" data-id=\"ffeb568\" data-element_type=\"widget\" data-widget_type=\"heading.default\">\n\t\t\t\t<div class=\"elementor-widget-container\">\n\t\t\t<h4 class=\"elementor-heading-title elementor-size-default\">FORMAMOS LOS INVESTIGADORES Y L\u00cdDERES DEL MA\u00d1ANA\u200b<\/h4>\t\t<\/div>\n\t\t\t\t<\/div>\n\t\t\t\t<div class=\"elementor-element elementor-element-48d55a3 elementor-absolute elementor-widget elementor-widget-text-editor\" data-id=\"48d55a3\" data-element_type=\"widget\" data-settings=\"{&quot;_position&quot;:&quot;absolute&quot;}\" data-widget_type=\"text-editor.default\">\n\t\t\t\t<div class=\"elementor-widget-container\">\n\t\t\t\t\t\t\t<p>M\u00e1s de <strong>150 estudiantes<\/strong> capacitados en conservaci\u00f3n e investigaci\u00f3n.<\/p>\t\t\t\t\t\t<\/div>\n\t\t\t\t<\/div>\n\t\t\t\t<\/div>\n\t\t\t\t\t<\/div>\n\t\t\t\t<\/div>\n\t\t<div class=\"elementor-element elementor-element-0d740d5 e-grid e-con-boxed e-con e-parent\" data-id=\"0d740d5\" data-element_type=\"container\">\n\t\t\t\t\t<div class=\"e-con-inner\">\n\t\t\t\t<div class=\"elementor-element elementor-element-638fb95 elementor-widget elementor-widget-video\" data-id=\"638fb95\" data-element_type=\"widget\" data-settings=\"{&quot;youtube_url&quot;:&quot;https:\\\/\\\/www.youtube.com\\\/watch?v=j-HwHJlyXuE&quot;,&quot;video_type&quot;:&quot;youtube&quot;,&quot;controls&quot;:&quot;yes&quot;}\" data-widget_type=\"video.default\">\n\t\t\t\t<div class=\"elementor-widget-container\">\n\t\t\t\t\t<div class=\"elementor-wrapper elementor-open-inline\">\n\t\t\t<div class=\"elementor-video\"><\/div>\t\t<\/div>\n\t\t\t\t<\/div>\n\t\t\t\t<\/div>\n\t\t\t\t<div class=\"elementor-element elementor-element-f923893 elementor-widget elementor-widget-video\" data-id=\"f923893\" data-element_type=\"widget\" data-settings=\"{&quot;youtube_url&quot;:&quot;https:\\\/\\\/www.youtube.com\\\/watch?v=yqzVI0CSKCU&quot;,&quot;video_type&quot;:&quot;youtube&quot;,&quot;controls&quot;:&quot;yes&quot;}\" data-widget_type=\"video.default\">\n\t\t\t\t<div class=\"elementor-widget-container\">\n\t\t\t\t\t<div class=\"elementor-wrapper elementor-open-inline\">\n\t\t\t<div class=\"elementor-video\"><\/div>\t\t<\/div>\n\t\t\t\t<\/div>\n\t\t\t\t<\/div>\n\t\t\t\t\t<\/div>\n\t\t\t\t<\/div>\n\t\t<div class=\"elementor-element elementor-element-37c45a7 e-flex e-con-boxed e-con e-parent\" data-id=\"37c45a7\" data-element_type=\"container\">\n\t\t\t\t\t<div class=\"e-con-inner\">\n\t\t\t\t<div class=\"elementor-element elementor-element-54e1bb4 elementor-widget elementor-widget-heading\" data-id=\"54e1bb4\" data-element_type=\"widget\" data-widget_type=\"heading.default\">\n\t\t\t\t<div class=\"elementor-widget-container\">\n\t\t\t<h3 class=\"elementor-heading-title elementor-size-default\">\u201cSolo si lo entendemos podremos protegerlo. Solo si lo protegemos podremos ayudar. Solo si ayudamos podremos salvarnos\u201d Jane Goodall<\/h3>\t\t<\/div>\n\t\t\t\t<\/div>\n\t\t\t\t\t<\/div>\n\t\t\t\t<\/div>\n\t\t<div class=\"elementor-element elementor-element-746a7773 e-flex e-con-boxed e-con e-parent\" data-id=\"746a7773\" data-element_type=\"container\">\n\t\t\t\t\t<div class=\"e-con-inner\">\n\t\t\t\t<div class=\"elementor-element elementor-element-7075c070 elementor-widget elementor-widget-heading\" data-id=\"7075c070\" data-element_type=\"widget\" data-widget_type=\"heading.default\">\n\t\t\t\t<div class=\"elementor-widget-container\">\n\t\t\t<h5 class=\"elementor-heading-title elementor-size-default\">Would you like to support us through donations, volunteering, or as a thesis student?<\/h5>\t\t<\/div>\n\t\t\t\t<\/div>\n\t\t\t\t<div class=\"elementor-element elementor-element-d2ba486 elementor-align-center elementor-widget elementor-widget-button\" data-id=\"d2ba486\" data-element_type=\"widget\" data-widget_type=\"button.default\">\n\t\t\t\t<div class=\"elementor-widget-container\">\n\t\t\t\t\t\t\t<div class=\"elementor-button-wrapper\">\n\t\t\t\t\t<a class=\"elementor-button elementor-button-link elementor-size-sm\" href=\"https:\/\/proyectoprimates.org\/en\/deja-tu-huella\/\">\n\t\t\t\t\t\t<span class=\"elementor-button-content-wrapper\">\n\t\t\t\t\t\t\t\t\t<span class=\"elementor-button-text\">Leave your mark<\/span>\n\t\t\t\t\t<\/span>\n\t\t\t\t\t<\/a>\n\t\t\t\t<\/div>\n\t\t\t\t\t\t<\/div>\n\t\t\t\t<\/div>\n\t\t\t\t\t<\/div>\n\t\t\t\t<\/div>\n\t\t<div class=\"elementor-element elementor-element-f4189a8 e-flex e-con-boxed e-con e-parent\" data-id=\"f4189a8\" data-element_type=\"container\">\n\t\t\t\t\t<div class=\"e-con-inner\">\n\t\t\t\t<div class=\"elementor-element elementor-element-5349997 elementor-widget elementor-widget-video\" data-id=\"5349997\" data-element_type=\"widget\" data-settings=\"{&quot;youtube_url&quot;:&quot;https:\\\/\\\/www.youtube.com\\\/watch?v=udfcj1ir924&amp;t=1s&quot;,&quot;video_type&quot;:&quot;youtube&quot;,&quot;controls&quot;:&quot;yes&quot;}\" data-widget_type=\"video.default\">\n\t\t\t\t<div class=\"elementor-widget-container\">\n\t\t\t\t\t<div class=\"elementor-wrapper elementor-open-inline\">\n\t\t\t<div class=\"elementor-video\"><\/div>\t\t<\/div>\n\t\t\t\t<\/div>\n\t\t\t\t<\/div>\n\t\t\t\t\t<\/div>\n\t\t\t\t<\/div>\n\t\t\t\t<\/div>","protected":false},"excerpt":{"rendered":"<p>Conservando la biodiversidad desde el 2010\u200b La Fundaci\u00f3n Proyecto Primates es una entidad sin \u00e1nimo de lucro con la misi\u00f3n de promover la conservaci\u00f3n e investigaci\u00f3n de primates en Colombia. Empez\u00f3 como grupo de investigaci\u00f3n en 2005, liderado por Andr\u00e9s Link y Gabriela de Luna,&nbsp;y en 2010 se form\u00f3 la Fundaci\u00f3n que desarrolla diferentes proyectos [&hellip;]<\/p>","protected":false},"author":1,"featured_media":0,"parent":0,"menu_order":0,"comment_status":"closed","ping_status":"closed","template":"","meta":{"footnotes":""},"class_list":["post-559","page","type-page","status-publish","hentry"],"_links":{"self":[{"href":"https:\/\/proyectoprimates.org\/en\/wp-json\/wp\/v2\/pages\/559","targetHints":{"allow":["GET"]}}],"collection":[{"href":"https:\/\/proyectoprimates.org\/en\/wp-json\/wp\/v2\/pages"}],"about":[{"href":"https:\/\/proyectoprimates.org\/en\/wp-json\/wp\/v2\/types\/page"}],"author":[{"embeddable":true,"href":"https:\/\/proyectoprimates.org\/en\/wp-json\/wp\/v2\/users\/1"}],"replies":[{"embeddable":true,"href":"https:\/\/proyectoprimates.org\/en\/wp-json\/wp\/v2\/comments?post=559"}],"version-history":[{"count":80,"href":"https:\/\/proyectoprimates.org\/en\/wp-json\/wp\/v2\/pages\/559\/revisions"}],"predecessor-version":[{"id":762,"href":"https:\/\/proyectoprimates.org\/en\/wp-json\/wp\/v2\/pages\/559\/revisions\/762"}],"wp:attachment":[{"href":"https:\/\/proyectoprimates.org\/en\/wp-json\/wp\/v2\/media?parent=559"}],"curies":[{"name":"wp","href":"https:\/\/api.w.org\/{rel}","templated":true}]}}