{"id":377,"date":"2024-05-30T22:28:01","date_gmt":"2024-05-30T22:28:01","guid":{"rendered":"https:\/\/proyectoprimates.org\/?page_id=377"},"modified":"2024-06-21T15:37:26","modified_gmt":"2024-06-21T15:37:26","slug":"paisajes-productivos-restaurados","status":"publish","type":"page","link":"https:\/\/proyectoprimates.org\/en\/paisajes-productivos-restaurados\/","title":{"rendered":"Elementor #377"},"content":{"rendered":"<div data-elementor-type=\"wp-page\" data-elementor-id=\"377\" class=\"elementor elementor-377\">\n\t\t\t\t<div class=\"elementor-element elementor-element-d2e56b6 e-flex e-con-boxed e-con e-parent\" data-id=\"d2e56b6\" data-element_type=\"container\">\n\t\t\t\t\t<div class=\"e-con-inner\">\n\t\t\t\t<div class=\"elementor-element elementor-element-2e55e04 elementor-widget elementor-widget-heading\" data-id=\"2e55e04\" data-element_type=\"widget\" data-widget_type=\"heading.default\">\n\t\t\t\t<div class=\"elementor-widget-container\">\n\t\t\t<h2 class=\"elementor-heading-title elementor-size-default\">\"Restored Productive Landscapes in the Middle Magdalena River Basin in Colombia\"<\/h2>\t\t<\/div>\n\t\t\t\t<\/div>\n\t\t\t\t\t<\/div>\n\t\t\t\t<\/div>\n\t\t<div class=\"elementor-element elementor-element-3330579 e-flex e-con-boxed e-con e-parent\" data-id=\"3330579\" data-element_type=\"container\">\n\t\t\t\t\t<div class=\"e-con-inner\">\n\t\t\t\t<div class=\"elementor-element elementor-element-0b31f34 elementor-widget elementor-widget-heading\" data-id=\"0b31f34\" data-element_type=\"widget\" data-widget_type=\"heading.default\">\n\t\t\t\t<div class=\"elementor-widget-container\">\n\t\t\t<h4 class=\"elementor-heading-title elementor-size-default\">Resumen del proyecto<\/h4>\t\t<\/div>\n\t\t\t\t<\/div>\n\t\t\t\t\t<\/div>\n\t\t\t\t<\/div>\n\t\t<div class=\"elementor-element elementor-element-c2a4b21 e-flex e-con-boxed e-con e-parent\" data-id=\"c2a4b21\" data-element_type=\"container\">\n\t\t\t\t\t<div class=\"e-con-inner\">\n\t\t\t\t<div class=\"elementor-element elementor-element-b52356a elementor-widget-divider--view-line elementor-widget elementor-widget-divider\" data-id=\"b52356a\" data-element_type=\"widget\" data-widget_type=\"divider.default\">\n\t\t\t\t<div class=\"elementor-widget-container\">\n\t\t\t\t\t<div class=\"elementor-divider\">\n\t\t\t<span class=\"elementor-divider-separator\">\n\t\t\t\t\t\t<\/span>\n\t\t<\/div>\n\t\t\t\t<\/div>\n\t\t\t\t<\/div>\n\t\t\t\t\t<\/div>\n\t\t\t\t<\/div>\n\t\t<div class=\"elementor-element elementor-element-d7687e8 e-flex e-con-boxed e-con e-parent\" data-id=\"d7687e8\" data-element_type=\"container\">\n\t\t\t\t\t<div class=\"e-con-inner\">\n\t\t\t\t<div class=\"elementor-element elementor-element-f131b0a elementor-widget elementor-widget-text-editor\" data-id=\"f131b0a\" data-element_type=\"widget\" data-widget_type=\"text-editor.default\">\n\t\t\t\t<div class=\"elementor-widget-container\">\n\t\t\t\t\t\t\t<p>El proyecto <em>Paisajes productivos restaurados en la cuenca Media del r\u00edo Magdalena en Colombia<\/em> es una iniciativa que busca dar continuidad y escalar las acciones de conservaci\u00f3n de la biodiversidad que viene llevando a cabo durante a\u00f1os la Fundaci\u00f3n Proyecto Primates &#8211; FPP1, a trav\u00e9s de procesos de restauraci\u00f3n en propiedades privadas con vocaci\u00f3n productiva, principalmente ligadas a ganader\u00eda.<\/p><p><br \/>El proyecto enmarca sus acciones en un \u00e1rea de 367.776 hect\u00e1reas en el ecosistema de bosque h\u00famedo tropical. Esta zona ha sido reconocida como una de las m\u00e1s biodiversas del pa\u00eds y de todo el continente, caracteriz\u00e1ndose por su alto n\u00famero de especies end\u00e9micas tanto de fauna como de flora.<\/p><p><br \/>Hist\u00f3ricamente, los bosques que cubr\u00edan esta zona se han convertido en pastos para dar paso a actividades productivas, de ah\u00ed que amplias zonas de la regi\u00f3n est\u00e9n cubiertas por fincas de propiedad privada que desarrollan actividades que causan impactos negativos en ecosistemas de la regi\u00f3n a falta de conciencia ambiental y falta de conocimiento e inversi\u00f3n sobre alternativas m\u00e1s sostenibles de producci\u00f3n.<\/p><p><br \/>Las acciones del proyecto iniciar\u00e1n en los municipios de Cimitarra y Puerto Parra (Santander), expandi\u00e9ndose a Yond\u00f3 (Antioquia) y Barrancabermeja (Santander). Su objetivo principal es implementar actividades de restauraci\u00f3n ecol\u00f3gica para reconectar poblaciones de fauna silvestre en \u00e1reas de coberturas agr\u00edcolas, mejorando la resiliencia y probabilidad de supervivencia de poblaciones de especies amenazadas. Al ser implementada en \u00e1reas productivas, la iniciativa complementa sus acciones de restauraci\u00f3n ecol\u00f3gica con la promoci\u00f3n de pr\u00e1cticas productivas sostenibles, que en conjunto contribuyan con la mitigaci\u00f3n y adaptaci\u00f3n al cambio clim\u00e1tico.<\/p><p><br \/>En un horizonte de tiempo de 30 a\u00f1os y con un dise\u00f1o que se ajusta al tipo de proyectos Aforestaci\u00f3n, Reforestaci\u00f3n y Revegetaci\u00f3n2 (ARR), del Est\u00e1ndar de Carbono Verificado (VCS3 por sus siglas en ingl\u00e9s), la iniciativa busca garantizar los recursos para dar continuidad y sostenibilidad a las actividades en los a\u00f1os de duraci\u00f3n del proyecto.<\/p><p>En el marco de este contexto, el proyecto Paisajes productivos restaurados en la cuenca media del r\u00edo Magdalena en Colombia, busca generar cobeneficios en la comunidad y la biodiversidad, adicionales a sus metas de carbono y en concordancia con el est\u00e1ndar de Clima, Comunidad y Biodiversidad4, por lo cual, enfoca su objetivos y metas en tres frentes:<\/p>\t\t\t\t\t\t<\/div>\n\t\t\t\t<\/div>\n\t\t\t\t\t<\/div>\n\t\t\t\t<\/div>\n\t\t<div class=\"elementor-element elementor-element-4647bb8 e-flex e-con-boxed e-con e-parent\" data-id=\"4647bb8\" data-element_type=\"container\">\n\t\t\t\t\t<div class=\"e-con-inner\">\n\t\t\t\t<div class=\"elementor-element elementor-element-c98b34d elementor-widget elementor-widget-text-editor\" data-id=\"c98b34d\" data-element_type=\"widget\" data-widget_type=\"text-editor.default\">\n\t\t\t\t<div class=\"elementor-widget-container\">\n\t\t\t\t\t\t\t<ul><li><strong>Clima:<\/strong> Recuperar cerca de 3.000 hect\u00e1reas de tierras degradadas y riberas de protecci\u00f3n de los cuerpos de agua en la regi\u00f3n del Magdalena Medio. A trav\u00e9s de la implementaci\u00f3n de restauraci\u00f3n ecol\u00f3gica mediante corredores de conectividad con especies nativas y fomentar pr\u00e1cticas productivas sostenibles como arreglos silvopastoriles y sistemas agroforestales. Como resultado de las implementaciones se aumentar\u00e1 la cobertura forestal y la fijaci\u00f3n de carbono, contribuyendo a reducir las emisiones de gases de efecto invernadero con el secuestro de alrededor de 1.579.762 tCO2e, que equivale a 52.659 tCO2e promedio anuales.<\/li><\/ul>\t\t\t\t\t\t<\/div>\n\t\t\t\t<\/div>\n\t\t<div class=\"elementor-element elementor-element-1fb815c e-flex e-con-boxed e-con e-child\" data-id=\"1fb815c\" data-element_type=\"container\">\n\t\t\t\t\t<div class=\"e-con-inner\">\n\t\t\t\t<div class=\"elementor-element elementor-element-12e5867 elementor-widget elementor-widget-text-editor\" data-id=\"12e5867\" data-element_type=\"widget\" data-widget_type=\"text-editor.default\">\n\t\t\t\t<div class=\"elementor-widget-container\">\n\t\t\t\t\t\t\t<ul><li><strong>Comunidad:<\/strong> Generar un cambio de percepci\u00f3n sobre los recursos naturales y su relaci\u00f3n con los sistemas productivos desde una mirada de sostenibilidad compartida entre los habitantes de la zona, a trav\u00e9s de espacios de educaci\u00f3n ambiental, el fortalecimiento de capacidades y la creaci\u00f3n de una red de propietarios en la regi\u00f3n.<br \/>El proyecto dise\u00f1ar\u00e1 una pedagog\u00eda con materiales culturalmente apropiados y monitorear\u00e1 la apropiaci\u00f3n de los temas mediante evaluaciones iniciales y finales de los participantes. En la misma v\u00eda, se busca realizar activamente transferencia de capacidades a los empleados del proyecto en terreno y a los propietarios, para que ellos mismos pueda difundir y aplicar los conocimientos en el territorio<\/li><\/ul>\t\t\t\t\t\t<\/div>\n\t\t\t\t<\/div>\n\t\t\t\t\t<\/div>\n\t\t\t\t<\/div>\n\t\t\t\t\t<\/div>\n\t\t\t\t<\/div>\n\t\t<div class=\"elementor-element elementor-element-54e853c e-flex e-con-boxed e-con e-parent\" data-id=\"54e853c\" data-element_type=\"container\">\n\t\t\t\t\t<div class=\"e-con-inner\">\n\t\t\t\t<div class=\"elementor-element elementor-element-a8ae3e2 elementor-widget elementor-widget-text-editor\" data-id=\"a8ae3e2\" data-element_type=\"widget\" data-widget_type=\"text-editor.default\">\n\t\t\t\t<div class=\"elementor-widget-container\">\n\t\t\t\t\t\t\t<ul><li><strong>Biodiversidad:<\/strong> Restaurar y reconectar fragmentos de bosque con el fin de proteger especies de fauna silvestre en peligro de extinci\u00f3n, como el mono ara\u00f1a caf\u00e9 (Ateles hybridus), el paujil de pico azul (Crax alberti), el mono capuchino (Cebus versicolor), y el mono nocturno (Aotus griseimembra). Se busca fomentar la conservaci\u00f3n de los bosques y la protecci\u00f3n de la biodiversidad en general, a trav\u00e9s de las actividades de restauraci\u00f3n, fomento de sistemas productivos sostenibles y acuerdos de conservaci\u00f3n, y evitar la caza por parte de los participantes. Las actividades de restauraci\u00f3n en tierras degradadas tendr\u00e1n beneficios directos e indirectos que pueden contribuir a mejorar las condiciones del recurso h\u00eddrico, el suelo y las \u00e1reas boscosas.<\/li><\/ul>\t\t\t\t\t\t<\/div>\n\t\t\t\t<\/div>\n\t\t\t\t\t<\/div>\n\t\t\t\t<\/div>\n\t\t<div class=\"elementor-element elementor-element-c6c6058 e-flex e-con-boxed e-con e-parent\" data-id=\"c6c6058\" data-element_type=\"container\">\n\t\t\t\t\t<div class=\"e-con-inner\">\n\t\t\t\t<div class=\"elementor-element elementor-element-3ebc682 elementor-widget elementor-widget-text-editor\" data-id=\"3ebc682\" data-element_type=\"widget\" data-widget_type=\"text-editor.default\">\n\t\t\t\t<div class=\"elementor-widget-container\">\n\t\t\t\t\t\t\t<p>El proyecto Paisajes productivos restaurados en la cuenca media del r\u00edo Magdalena en Colombia es liderado por la Fundaci\u00f3n Proyecto Primates y cuenta con el acompa\u00f1amiento t\u00e9cnico y gesti\u00f3n de Fondo Acci\u00f3n5. La Fundaci\u00f3n Proyecto Primates &#8211; FPP, es una entidad sin \u00e1nimo de lucro, constituida en 2010, con la misi\u00f3n de promover la investigaci\u00f3n y conservaci\u00f3n de primates en Colombia. La FPP ha desarrollado diferentes proyectos de investigaci\u00f3n y conservaci\u00f3n en Colombia, su trabajo se ha llevado a cabo principalmente en el Magdalena Medio, una zona poco estudiada donde habitan los monos ara\u00f1a caf\u00e9 (Ateles hybridus), uno de los 25 primates m\u00e1s amenazados del mundo.<\/p><p>El Fondo Acci\u00f3n, es una organizaci\u00f3n no gubernamental, sin \u00e1nimo de lucro con la misi\u00f3n de construir una mejor relaci\u00f3n entre la comunidad y el medio ambiente y apoyar procesos de desarrollo infantil, con el prop\u00f3sito de generar cambios significativos y sostenibles en la sociedad colombiana. Desde su Unidad de Carbono Verde y Azul (UCV&amp;A), promueve y facilita el establecimiento de proyectos forestales para el mercado de carbono, como herramientas efectivas para proveer financiaci\u00f3n sostenible y as\u00ed, mitigar las emisiones de GEI y reducir los efectos del cambio clim\u00e1tico.<\/p><p>Las acciones iniciales del proyecto se encuentran enmarcadas en la iniciativa del Proyecto Vida Silvestre \u2013 PVS, una iniciativa para la conservaci\u00f3n de la biodiversidad liderada por Ecopetrol, Fondo Acci\u00f3n y Wildlife Conservation Society (WCS). Durante aproximadamente nueve a\u00f1os, las actividades desarrolladas en el marco del PVS han hecho posible la cooperaci\u00f3n de propietarios de tierras, trabajadores agr\u00edcolas locales, expertos y organizaciones alrededor de la conservaci\u00f3n y restauraci\u00f3n ecol\u00f3gica de los ecosistemas del paisaje del Magdalena Medio, lo cual ha dado las bases para promover el proyecto Paisajes productivos restaurados en la cuenca media del r\u00edo Magdalena en Colombia. En su fase inicial, la etapa de formulaci\u00f3n, el proyecto es financiado con recursos provenientes de Ecopetrol S.A., a trav\u00e9s del PVS. Ecopetrol, como parte de su responsabilidad social y metas de descarbonizaci\u00f3n, est\u00e1 facultado para participar en la financiaci\u00f3n, estructuraci\u00f3n y ejecuci\u00f3n de programas sociales y ambientales.<\/p>\t\t\t\t\t\t<\/div>\n\t\t\t\t<\/div>\n\t\t\t\t\t<\/div>\n\t\t\t\t<\/div>\n\t\t<div class=\"elementor-element elementor-element-66be79a e-flex e-con-boxed e-con e-parent\" data-id=\"66be79a\" data-element_type=\"container\">\n\t\t\t\t\t<div class=\"e-con-inner\">\n\t\t<div class=\"elementor-element elementor-element-a2b1c18 e-con-full e-flex e-con e-child\" data-id=\"a2b1c18\" data-element_type=\"container\">\n\t\t<div class=\"elementor-element elementor-element-0a874ba e-con-full e-flex e-con e-child\" data-id=\"0a874ba\" data-element_type=\"container\">\n\t\t\t\t<div class=\"elementor-element elementor-element-4b760c9 elementor-align-center elementor-widget elementor-widget-button\" data-id=\"4b760c9\" data-element_type=\"widget\" data-widget_type=\"button.default\">\n\t\t\t\t<div class=\"elementor-widget-container\">\n\t\t\t\t\t\t\t<div class=\"elementor-button-wrapper\">\n\t\t\t\t\t<a class=\"elementor-button elementor-button-link elementor-size-sm\" href=\"https:\/\/registry.verra.org\/app\/projectDetail\/SDVISTA\/4748?_gl=1*madctt*_ga*MTY0NjA2NzI3OS4xNjkyMjE2OTY4*_ga_2VGK901B6P*MTcxODIwMjczMi4xOC4wLjE3MTgyMDI3MzIuMC4wLjA\">\n\t\t\t\t\t\t<span class=\"elementor-button-content-wrapper\">\n\t\t\t\t\t\t\t\t\t<span class=\"elementor-button-text\">Conoce m\u00e1s detalles sobre el proyecto<\/span>\n\t\t\t\t\t<\/span>\n\t\t\t\t\t<\/a>\n\t\t\t\t<\/div>\n\t\t\t\t\t\t<\/div>\n\t\t\t\t<\/div>\n\t\t\t\t<\/div>\n\t\t\t\t<\/div>\n\t\t<div class=\"elementor-element elementor-element-ff30f67 e-con-full e-flex e-con e-child\" data-id=\"ff30f67\" data-element_type=\"container\">\n\t\t<div class=\"elementor-element elementor-element-a28ae2a e-con-full e-flex e-con e-child\" data-id=\"a28ae2a\" data-element_type=\"container\">\n\t\t\t\t<div class=\"elementor-element elementor-element-77f806d elementor-align-center elementor-widget elementor-widget-button\" data-id=\"77f806d\" data-element_type=\"widget\" data-widget_type=\"button.default\">\n\t\t\t\t<div class=\"elementor-widget-container\">\n\t\t\t\t\t\t\t<div class=\"elementor-button-wrapper\">\n\t\t\t\t\t<a class=\"elementor-button elementor-button-link elementor-size-sm\" href=\"https:\/\/proyectoprimates.org\/en\/plan-de-monitoreo-paisajes-productivos-restaurados-en-la-cuenca-media-del-rio-magdalena-en-colombia\/\">\n\t\t\t\t\t\t<span class=\"elementor-button-content-wrapper\">\n\t\t\t\t\t\t\t\t\t<span class=\"elementor-button-text\">Plan de monitoreo<\/span>\n\t\t\t\t\t<\/span>\n\t\t\t\t\t<\/a>\n\t\t\t\t<\/div>\n\t\t\t\t\t\t<\/div>\n\t\t\t\t<\/div>\n\t\t\t\t<\/div>\n\t\t\t\t<\/div>\n\t\t\t\t\t<\/div>\n\t\t\t\t<\/div>\n\t\t<div class=\"elementor-element elementor-element-f4301e0 e-flex e-con-boxed e-con e-parent\" data-id=\"f4301e0\" data-element_type=\"container\">\n\t\t\t\t\t<div class=\"e-con-inner\">\n\t\t<div class=\"elementor-element elementor-element-fec9eb1 e-con-full e-flex e-con e-child\" data-id=\"fec9eb1\" data-element_type=\"container\">\n\t\t\t\t<div class=\"elementor-element elementor-element-32516b7 elementor-widget elementor-widget-image\" data-id=\"32516b7\" data-element_type=\"widget\" data-widget_type=\"image.default\">\n\t\t\t\t<div class=\"elementor-widget-container\">\n\t\t\t\t\t\t\t\t\t\t\t\t\t<img fetchpriority=\"high\" decoding=\"async\" width=\"856\" height=\"862\" src=\"https:\/\/proyectoprimates.org\/wp-content\/uploads\/2024\/05\/paisajes_productivos_restaurados_tabla.png\" class=\"attachment-large size-large wp-image-379\" alt=\"\" srcset=\"https:\/\/proyectoprimates.org\/wp-content\/uploads\/2024\/05\/paisajes_productivos_restaurados_tabla.png 856w, https:\/\/proyectoprimates.org\/wp-content\/uploads\/2024\/05\/paisajes_productivos_restaurados_tabla-298x300.png 298w, https:\/\/proyectoprimates.org\/wp-content\/uploads\/2024\/05\/paisajes_productivos_restaurados_tabla-150x150.png 150w, https:\/\/proyectoprimates.org\/wp-content\/uploads\/2024\/05\/paisajes_productivos_restaurados_tabla-768x773.png 768w\" sizes=\"(max-width: 856px) 100vw, 856px\" \/>\t\t\t\t\t\t\t\t\t\t\t\t\t<\/div>\n\t\t\t\t<\/div>\n\t\t\t\t<\/div>\n\t\t<div class=\"elementor-element elementor-element-9975292 e-con-full e-flex e-con e-child\" data-id=\"9975292\" data-element_type=\"container\">\n\t\t\t\t<div class=\"elementor-element elementor-element-8ae1c92 elementor-widget__width-initial elementor-widget elementor-widget-image\" data-id=\"8ae1c92\" data-element_type=\"widget\" data-widget_type=\"image.default\">\n\t\t\t\t<div class=\"elementor-widget-container\">\n\t\t\t\t\t\t\t\t\t\t\t\t\t<img decoding=\"async\" width=\"724\" height=\"1024\" src=\"https:\/\/proyectoprimates.org\/wp-content\/uploads\/2024\/05\/paisajes_productivos_restaurados_mapa-724x1024.jpg\" class=\"attachment-large size-large wp-image-380\" alt=\"\" srcset=\"https:\/\/proyectoprimates.org\/wp-content\/uploads\/2024\/05\/paisajes_productivos_restaurados_mapa-724x1024.jpg 724w, https:\/\/proyectoprimates.org\/wp-content\/uploads\/2024\/05\/paisajes_productivos_restaurados_mapa-212x300.jpg 212w, https:\/\/proyectoprimates.org\/wp-content\/uploads\/2024\/05\/paisajes_productivos_restaurados_mapa-768x1086.jpg 768w, https:\/\/proyectoprimates.org\/wp-content\/uploads\/2024\/05\/paisajes_productivos_restaurados_mapa-1086x1536.jpg 1086w, https:\/\/proyectoprimates.org\/wp-content\/uploads\/2024\/05\/paisajes_productivos_restaurados_mapa.jpg 1207w\" sizes=\"(max-width: 724px) 100vw, 724px\" \/>\t\t\t\t\t\t\t\t\t\t\t\t\t<\/div>\n\t\t\t\t<\/div>\n\t\t\t\t<\/div>\n\t\t\t\t\t<\/div>\n\t\t\t\t<\/div>\n\t\t<div class=\"elementor-element elementor-element-044a096 e-flex e-con-boxed e-con e-parent\" data-id=\"044a096\" data-element_type=\"container\">\n\t\t\t\t\t<div class=\"e-con-inner\">\n\t\t\t\t<div class=\"elementor-element elementor-element-8a046e5 elementor-widget elementor-widget-text-editor\" data-id=\"8a046e5\" data-element_type=\"widget\" data-widget_type=\"text-editor.default\">\n\t\t\t\t<div class=\"elementor-widget-container\">\n\t\t\t\t\t\t\t<ol><li>https:\/\/proyectoprimates.org\/espanol\/<\/li><li>\u00a0Este tipo de proyectos hace parte del sector Agricultura, Forestal y otros Usos del Suelo (AFOLU por sus siglas en ingl\u00e9s), en los cuales el establecimiento y restauraci\u00f3n de coberturas forestales aumentan los reservorios de carbono.<\/li><li>El programa Verified Carbon Standard (VCS) es el programa de acreditaci\u00f3n de gases de efecto invernadero (GEI) m\u00e1s utilizado en el mundo. Impulsa el financiamiento hacia actividades que reducen y eliminan emisiones, mejoran los medios de vida y protegen la naturaleza.<\/li><li>El programa CCB identifica proyectos de gesti\u00f3n de la tierra que generan beneficios netos positivos para la mitigaci\u00f3n del cambio clim\u00e1tico, para las comunidades locales y para la biodiversidad. Los Est\u00e1ndares de Clima, Comunidad y Diversidad pueden aplicarse a cualquier proyecto de gesti\u00f3n de la tierra, incluyendo proyectos que eliminan el di\u00f3xido de carbono mediante el secuestro de carbono (ARR).<\/li><li>https:\/\/fondoaccion.org\/<\/li><\/ol>\t\t\t\t\t\t<\/div>\n\t\t\t\t<\/div>\n\t\t\t\t\t<\/div>\n\t\t\t\t<\/div>\n\t\t\t\t<\/div>","protected":false},"excerpt":{"rendered":"<p>Paisajes Productivos Restaurados en la Cuenca Media del R\u00edo Magdalena en Colombia Resumen del proyecto El proyecto Paisajes productivos restaurados en la cuenca Media del r\u00edo Magdalena en Colombia es una iniciativa que busca dar continuidad y escalar las acciones de conservaci\u00f3n de la biodiversidad que viene llevando a cabo durante a\u00f1os la Fundaci\u00f3n Proyecto [&hellip;]<\/p>","protected":false},"author":1,"featured_media":0,"parent":0,"menu_order":0,"comment_status":"closed","ping_status":"closed","template":"","meta":{"footnotes":""},"class_list":["post-377","page","type-page","status-publish","hentry"],"_links":{"self":[{"href":"https:\/\/proyectoprimates.org\/en\/wp-json\/wp\/v2\/pages\/377","targetHints":{"allow":["GET"]}}],"collection":[{"href":"https:\/\/proyectoprimates.org\/en\/wp-json\/wp\/v2\/pages"}],"about":[{"href":"https:\/\/proyectoprimates.org\/en\/wp-json\/wp\/v2\/types\/page"}],"author":[{"embeddable":true,"href":"https:\/\/proyectoprimates.org\/en\/wp-json\/wp\/v2\/users\/1"}],"replies":[{"embeddable":true,"href":"https:\/\/proyectoprimates.org\/en\/wp-json\/wp\/v2\/comments?post=377"}],"version-history":[{"count":10,"href":"https:\/\/proyectoprimates.org\/en\/wp-json\/wp\/v2\/pages\/377\/revisions"}],"predecessor-version":[{"id":600,"href":"https:\/\/proyectoprimates.org\/en\/wp-json\/wp\/v2\/pages\/377\/revisions\/600"}],"wp:attachment":[{"href":"https:\/\/proyectoprimates.org\/en\/wp-json\/wp\/v2\/media?parent=377"}],"curies":[{"name":"wp","href":"https:\/\/api.w.org\/{rel}","templated":true}]}}