{"id":118,"date":"2024-03-18T23:23:05","date_gmt":"2024-03-18T23:23:05","guid":{"rendered":"https:\/\/proyectoprimates.org\/?page_id=118"},"modified":"2024-06-17T18:26:56","modified_gmt":"2024-06-17T18:26:56","slug":"politica-de-tratamiento-de-datos","status":"publish","type":"page","link":"https:\/\/proyectoprimates.org\/en\/politica-de-tratamiento-de-datos\/","title":{"rendered":"Pol\u00edtica de tratamiento de datos personales"},"content":{"rendered":"<div data-elementor-type=\"wp-page\" data-elementor-id=\"118\" class=\"elementor elementor-118\">\n\t\t\t\t<div class=\"elementor-element elementor-element-1daf2c0 e-flex e-con-boxed e-con e-parent\" data-id=\"1daf2c0\" data-element_type=\"container\">\n\t\t\t\t\t<div class=\"e-con-inner\">\n\t\t\t\t<div class=\"elementor-element elementor-element-c71663f elementor-widget elementor-widget-heading\" data-id=\"c71663f\" data-element_type=\"widget\" data-widget_type=\"heading.default\">\n\t\t\t\t<div class=\"elementor-widget-container\">\n\t\t\t<h2 class=\"elementor-heading-title elementor-size-default\">Pol\u00edtica de Tratamiento de Datos<\/h2>\t\t<\/div>\n\t\t\t\t<\/div>\n\t\t\t\t\t<\/div>\n\t\t\t\t<\/div>\n\t\t<div class=\"elementor-element elementor-element-6516b77d e-flex e-con-boxed e-con e-parent\" data-id=\"6516b77d\" data-element_type=\"container\">\n\t\t\t\t\t<div class=\"e-con-inner\">\n\t\t\t\t<div class=\"elementor-element elementor-element-35664264 elementor-widget elementor-widget-text-editor\" data-id=\"35664264\" data-element_type=\"widget\" data-widget_type=\"text-editor.default\">\n\t\t\t\t<div class=\"elementor-widget-container\">\n\t\t\t\t\t\t\t<!-- wp:paragraph -->\n<p>La Fundaci\u00f3n Proyecto Primates con el objetivo de dar cumplimiento al marco legal vigente y enespec\u00edfico a los lineamientos expresados por la Ley 1581 de 2012, su Decreto Reglamentario 1377 de 2013 y dem\u00e1s normas que regulan la materia acerca del adecuado tratamiento de los datos personales, entendido como la manera en que se efect\u00faa la recolecci\u00f3n, el manejo, el uso, el tratamiento, el almacenamiento y el intercambio de datos personales, establece la presente Pol\u00edtica.<br>La Pol\u00edtica de Protecci\u00f3n de Datos Personales ser\u00e1 aplicable a todas las bases de datos y\/o archivos que contengan datos personales que sean objeto de tratamiento por la entidad responsable del tratamiento de datos personales.<\/p>\n<!-- \/wp:paragraph -->\n\n<!-- wp:paragraph -->\n<p><br><strong>IDENTIFICACI\u00d3N DEL RESPONSABLE DEL TRATAMIENTO:<br><\/strong>Fundaci\u00f3n Proyecto Primates<br>NIT 900358626<br>Con domicilio en CARRERA 11A 91-55 BOGOTA correo electr\u00f3nico<br>info@proyectoprimates.org y tel\u00e9fono +573136533581<\/p>\n<!-- \/wp:paragraph -->\n\n<!-- wp:list {\"ordered\":true,\"start\":2} -->\n<ol start=\"2\"><!-- wp:list-item -->\n<li><strong>MARCO NORMATIVO<\/strong><\/li>\n<!-- \/wp:list-item --><\/ol>\n<!-- \/wp:list -->\n\n<!-- wp:list -->\n<ul><!-- wp:list-item -->\n<li>Constituci\u00f3n Pol\u00edtica de Colombia<\/li>\n<!-- \/wp:list-item -->\n\n<!-- wp:list-item -->\n<li>Ley 1266 de 2008<\/li>\n<!-- \/wp:list-item -->\n\n<!-- wp:list-item -->\n<li>Ley 1581 de 2012<\/li>\n<!-- \/wp:list-item -->\n\n<!-- wp:list-item -->\n<li>Decreto 1377 de 2013.<\/li>\n<!-- \/wp:list-item -->\n\n<!-- wp:list-item -->\n<li>Sentencia C-748 de 2011.<\/li>\n<!-- \/wp:list-item -->\n\n<!-- wp:list-item -->\n<li>Decreto 1074 de 2015<\/li>\n<!-- \/wp:list-item --><\/ul>\n<!-- \/wp:list -->\n\n<!-- wp:list {\"ordered\":true,\"start\":2} -->\n<ol start=\"2\"><!-- wp:list-item -->\n<li><strong>DEFINICIONES:<\/strong><\/li>\n<!-- \/wp:list-item --><\/ol>\n<!-- \/wp:list -->\n\n<!-- wp:paragraph -->\n<p><strong>Autorizaci\u00f3n<\/strong>: Es el consentimiento previo, expreso e informado del titular<br>para llevar a cabo el tratamiento de datos personales.<br>Base de datos: Conjunto organizado de datos personales que sea objeto de<br>tratamiento.<br><strong>Dato personal: <\/strong>Cualquier informaci\u00f3n que pueda tener relaci\u00f3n con una o varias personas naturales determinadas o determinables, tales como<br>nombre, c\u00e9dula de ciudadan\u00eda, direcci\u00f3n, correo electr\u00f3nico, n\u00famero de<br>tel\u00e9fono, estado civil, su imagen y datos biom\u00e9tricos.<br>Clientes: Persona natural o jur\u00eddica, p\u00fablica o privada con las cuales la entidad tiene una relaci\u00f3n comercial.<br><strong>Titular:<\/strong> Persona natural o jur\u00eddica cuyos datos personales sean objeto de tratamiento.<br><strong>Tratamiento:<\/strong> Cualquier operaci\u00f3n o conjunto de operaciones sobre datos personales, tales como la recolecci\u00f3n, almacenamiento, uso, circulaci\u00f3n o supresi\u00f3n de los mismos.<br><strong>Dato sensible: <\/strong>Informaci\u00f3n que afecta la intimidad del titular cuyo uso indebido puede generar su discriminaci\u00f3n. Entre ellos se encuentran aquellos que revelen las convicciones pol\u00edticas, religiosas o filos\u00f3ficas, la pertenencia a sindicatos, organizaciones sociales, as\u00ed como los datos relativos a la salud, a la vida sexual y datos biom\u00e9tricos.<br><strong>Responsable del tratamiento:<\/strong> Persona natural o jur\u00eddica, p\u00fablica o privada, que por s\u00ed misma o en asocio con otros, decida sobre la base de datos y\/o el tratamiento de los mismos.<br><strong>Encargado del tratamiento:<\/strong> Persona natural o jur\u00eddica, p\u00fablica o privada, que por s\u00ed misma o en asocio con otros, realice el tratamiento de datos personales por cuenta del responsable del tratamiento. Para el caso en concreto, ser\u00e1 cualquier tercero designado por la entidad que realice el tratamiento de datos por su cuenta y en nombre de la entidad. En los eventos en que el responsable no ejerza como encargado de la Base de Datos, se identificar\u00e1<br>expresamente quien ser\u00e1 el encargado.<br><strong>Reclamo: <\/strong>Solicitud del titular de la informaci\u00f3n, de sus causahabientes, o de quien este autorice para corregir, actualizar o suprimir sus datos personales o para revocar la autorizaci\u00f3n en los casos establecidos en la ley.<br><strong>Transferencia:<\/strong> La transferencia de datos se lleva a cabo cuando el responsable y\/o encargado del tratamiento de datos personales, ubicado en Colombia, env\u00eda la informaci\u00f3n o los Datos Personales a un receptor, que es Responsable del Tratamiento y se encuentra dentro o fuera del pa\u00eds.<br><strong>Transmisi\u00f3n: <\/strong>Tratamiento de datos personales que implica la comunicaci\u00f3n de los mismos dentro o fuera del territorio colombiano, cuando tenga por objeto la realizaci\u00f3n de un tratamiento por el encargado por cuenta del responsable.<\/p>\n<!-- \/wp:paragraph -->\n\n<!-- wp:list {\"ordered\":true,\"start\":3} -->\n<ol start=\"3\"><!-- wp:list-item -->\n<li><strong>PRINCIPIOS APLICABLES AL TRATAMIENTO DE DATOS PERSONALES: PRINCIPIOS RECTORES<\/strong><\/li>\n<!-- \/wp:list-item --><\/ol>\n<!-- \/wp:list -->\n\n<!-- wp:paragraph -->\n<p>Es un compromiso de la Fundaci\u00f3n Proyecto Primates, en desarrollo de su gesti\u00f3n, el entender y aplicar de manera arm\u00f3nica los principios establecidos en la Ley 1581 de 2012:<br>a. Principio de legalidad en materia de Tratamiento de datos: El Tratamiento a que se refiere la presente ley es una actividad reglada que debe sujetarse a lo establecido en<br>ella y en las dem\u00e1s disposiciones que la desarrollen.<br>b. Principio de finalidad: El Tratamiento debe obedecer a una finalidad leg\u00edtima de acuerdo con la Constituci\u00f3n y la Ley, la cual debe ser informada al Titular.<br>c. Principio de libertad: El Tratamiento s\u00f3lo puede ejercerse con el  consentimiento, previo, expreso e informado del Titular. Los datos personales no podr\u00e1n ser obtenidos o divulgados sin previa autorizaci\u00f3n, o en ausencia de mandato legal o judicial que releve el Consentimiento.<br>d. Principio de veracidad o calidad: La informaci\u00f3n sujeta a Tratamiento debe ser veraz, completa, exacta, actualizada, comprobable y comprensible. Se proh\u00edbe el Tratamiento de datos parciales, incompletos, fraccionados o que induzcan a error.<\/p>\n<!-- \/wp:paragraph -->\n\n<!-- wp:list {\"start\":4} -->\n<ul start=\"4\"><!-- wp:list-item -->\n<li><strong>TRATAMIENTO Y FINALIDADES DE LOS DATOS PERSONALES UTILIZADOS POR LA ENTIDAD:<\/strong><br>Tratamiento: La entidad, en calidad de responsable del tratamiento de datos personales y con el fin de lograr el desarrollo adecuado de su objeto social, y el fortalecimiento de sus relaciones con terceros, recopila, almacena, utiliza, circula, transmite, transfiere y suprime datos personales correspondientes a personas naturales con quienes tiene o<br>ha tenido relaci\u00f3n, tales como trabajadores, consultores, proveedores, donantes, patrocinadores y contratistas, , para los siguientes prop\u00f3sitos o finalidades.<br>Finalidades generales para el tratamiento de datos personales: La entidad realiza el tratamiento de datos personales con las siguientes finalidades:<\/li>\n<!-- \/wp:list-item -->\n\n<!-- wp:list-item -->\n<li>Entregar o enviar informaci\u00f3n de car\u00e1cter publicitario o de mercadeo sobre las actividades que realiza la entidad.<\/li>\n<!-- \/wp:list-item -->\n\n<!-- wp:list-item -->\n<li>Transferir la informaci\u00f3n recolectada a distintas \u00e1reas de la entidad y en el<br>exterior cuando ello sea necesario para el desarrollo de sus operaciones.<\/li>\n<!-- \/wp:list-item -->\n\n<!-- wp:list-item -->\n<li>Publicar im\u00e1genes, fotograf\u00edas, videos en la p\u00e1gina web o en informes que evidencien las actividades llevadas a cabo por la organizaci\u00f3n.<\/li>\n<!-- \/wp:list-item -->\n\n<!-- wp:list-item -->\n<li> Cumplir con las obligaciones contra\u00eddas entre la entidad y los titulares de los datos personales, as\u00ed como con las obligaciones tributarias y de registros contables.<\/li>\n<!-- \/wp:list-item -->\n\n<!-- wp:list-item -->\n<li> Realizar la gesti\u00f3n y administraci\u00f3n de los recursos humanos de la entidad.<\/li>\n<!-- \/wp:list-item -->\n\n<!-- wp:list-item -->\n<li> Para la atenci\u00f3n de mandatos y requerimientos judiciales o administrativos y cumplir con los encargos realizados en virtud de las actividades desarrolladas por la entidad.<\/li>\n<!-- \/wp:list-item -->\n\n<!-- wp:list-item -->\n<li>Registrar sus datos personales en los sistemas de informaci\u00f3n de la entidad y en sus bases de datos.<\/li>\n<!-- \/wp:list-item -->\n\n<!-- wp:list-item -->\n<li> Cualquier otra actividad de naturaleza similar a las anteriormente descritas que sean necesarias para cumplir con la misi\u00f3n de la entidad.<\/li>\n<!-- \/wp:list-item --><\/ul>\n<!-- \/wp:list -->\n\n<!-- wp:list {\"start\":5} -->\n<ul start=\"5\"><!-- wp:list-item -->\n<li><strong>DERECHOS DE LOS TITULARES DE LOS DATOS PERSONALES:<br><\/strong>Las personas naturales cuyos datos personales sean objeto de tratamiento por parte de la entidad, gozan de los siguientes derechos, los cuales podr\u00e1n ser ejercidos en cualquier momento, comunic\u00e1ndose con el \u00e1rea responsable del tratamiento. El ejercicio de los derechos se deber\u00e1 realizar conforme los requisitos establecidos en las normas aplicables:<\/li>\n<!-- \/wp:list-item -->\n\n<!-- wp:list-item -->\n<li>Conocer los datos personales sobre los cuales la entidad est\u00e1 realizando el<br>tratamiento. As\u00ed mismo, podr\u00e1 solicitar en cualquier momento, que sus datos sean actualizados o rectificados, si encuentra que sus datos son parciales, inexactos, incompletos, fraccionados, que puedan inducir a error o aquellos cuyo tratamiento est\u00e9 expresamente prohibido o no haya sido autorizado.<\/li>\n<!-- \/wp:list-item -->\n\n<!-- wp:list-item -->\n<li>Principio de transparencia: En el Tratamiento debe garantizarse el derecho del Titular a obtener del Responsable del Tratamiento o del Encargado del<br>Tratamiento, en cualquier momento y sin restricciones, informaci\u00f3n acerca de la existencia de datos que le conciernan.<\/li>\n<!-- \/wp:list-item -->\n\n<!-- wp:list-item -->\n<li>Principio de acceso y circulaci\u00f3n restringida: El Tratamiento se sujeta a los<br>l\u00edmites que se derivan de la naturaleza de los datos personales, de las<br>disposiciones de la presente ley y la Constituci\u00f3n. En este sentido, el<br>Tratamiento s\u00f3lo podr\u00e1 hacerse por personas autorizadas por el Titular y\/o por las personas previstas en la presente Ley. Los datos personales, salvo la informaci\u00f3n p\u00fablica, no podr\u00e1n estar disponibles en Internet u otros medios de divulgaci\u00f3n o comunicaci\u00f3n masiva, salvo que el acceso sea t\u00e9cnicamente controlable para brindar un conocimiento restringido s\u00f3lo a los Titulares o terceros autorizados conforme a la presente ley.<\/li>\n<!-- \/wp:list-item -->\n\n<!-- wp:list-item -->\n<li> Principio de seguridad: La informaci\u00f3n sujeta a Tratamiento por el Responsable del Tratamiento o Encargado del Tratamiento a que se refiere la presente ley, se deber\u00e1 manejar con las medidas t\u00e9cnicas, humanas y administrativas que sean necesarias para otorgar seguridad a los registros evitando su adulteraci\u00f3n, p\u00e9rdida, consulta, uso o acceso no autorizado o fraudulento. <\/li>\n<!-- \/wp:list-item -->\n\n<!-- wp:list-item -->\n<li> Principio de confidencialidad: Todas las personas que intervengan en el Tratamiento de datos personales que no tengan la naturaleza de p\u00fablicos est\u00e1n obligadas a garantizar la reserva de la informaci\u00f3n, inclusive despu\u00e9s de finalizada su relaci\u00f3n con alguna de las labores que comprende el Tratamiento, pudiendo s\u00f3lo realizar suministro o comunicaci\u00f3n de datos personales cuando ello corresponda al desarrollo de las actividades autorizadas en la presente ley y en los t\u00e9rminos de la misma.<\/li>\n<!-- \/wp:list-item --><\/ul>\n<!-- \/wp:list -->\t\t\t\t\t\t<\/div>\n\t\t\t\t<\/div>\n\t\t\t\t\t<\/div>\n\t\t\t\t<\/div>\n\t\t\t\t<\/div>","protected":false},"excerpt":{"rendered":"<p>Pol\u00edtica de Tratamiento de Datos La Fundaci\u00f3n Proyecto Primates con el objetivo de dar cumplimiento al marco legal vigente y enespec\u00edfico a los lineamientos expresados por la Ley 1581 de 2012, su Decreto Reglamentario 1377 de 2013 y dem\u00e1s normas que regulan la materia acerca del adecuado tratamiento de los datos personales, entendido como la [&hellip;]<\/p>","protected":false},"author":1,"featured_media":0,"parent":0,"menu_order":0,"comment_status":"closed","ping_status":"closed","template":"","meta":{"footnotes":""},"class_list":["post-118","page","type-page","status-publish","hentry"],"_links":{"self":[{"href":"https:\/\/proyectoprimates.org\/en\/wp-json\/wp\/v2\/pages\/118","targetHints":{"allow":["GET"]}}],"collection":[{"href":"https:\/\/proyectoprimates.org\/en\/wp-json\/wp\/v2\/pages"}],"about":[{"href":"https:\/\/proyectoprimates.org\/en\/wp-json\/wp\/v2\/types\/page"}],"author":[{"embeddable":true,"href":"https:\/\/proyectoprimates.org\/en\/wp-json\/wp\/v2\/users\/1"}],"replies":[{"embeddable":true,"href":"https:\/\/proyectoprimates.org\/en\/wp-json\/wp\/v2\/comments?post=118"}],"version-history":[{"count":4,"href":"https:\/\/proyectoprimates.org\/en\/wp-json\/wp\/v2\/pages\/118\/revisions"}],"predecessor-version":[{"id":522,"href":"https:\/\/proyectoprimates.org\/en\/wp-json\/wp\/v2\/pages\/118\/revisions\/522"}],"wp:attachment":[{"href":"https:\/\/proyectoprimates.org\/en\/wp-json\/wp\/v2\/media?parent=118"}],"curies":[{"name":"wp","href":"https:\/\/api.w.org\/{rel}","templated":true}]}}